{"id":136,"date":"2015-09-30T16:17:27","date_gmt":"2015-09-30T14:17:27","guid":{"rendered":"http:\/\/www.hahnes.se\/emigranten\/?page_id=136"},"modified":"2019-09-11T22:15:45","modified_gmt":"2019-09-11T20:15:45","slug":"home-2","status":"publish","type":"page","link":"http:\/\/hahnes.se\/emigranten\/","title":{"rendered":"Hem"},"content":{"rendered":"<h3>V\u00e4lkommen<\/h3>\n<p>Fr\u00e5n b\u00f6rjan var denna Blogg t\u00e4nkt att ber\u00e4tta om mitt liv som emigrant till en \u00f6 i V\u00e4stindien Efter att ha tillbringat en testperiod d\u00e4r p\u00e5 4 m\u00e5nader s\u00e5 kunde jag konstatera att allt har blivit s\u00e5 mycket dyrare i Dominikanska Republiken \u00e4n vad det var f\u00f6rsta g\u00e5ngen jag levde d\u00e4r i 3 \u00e5r. Min pension r\u00e4ckte inte till helt enkelt. S\u00e5 tillsvidare lever jag nu i Sverige igen.<\/p>\n<p>S\u00e5 nu blir det inga flera direktrapporter fr\u00e5n mig som emigrant, i alla fall inte inom \u00f6versk\u00e5dlig framtid. Kanske kommer det en och annan ber\u00e4ttelse om mitt liv i V\u00e4stindien n\u00e4r jag vistades d\u00e4r 1991- 1994 som fortfarande inte \u00e4r nedskriven.<\/p>\n<p>I alla fall, det tillkommer nu en helt ny rubrik n\u00e4mligen<strong> Elektronikh\u00f6rnan<\/strong>, d\u00e4r kommer jag att ber\u00e4tta om mina g\u00f6randen inom Elektronik och elektromekanik m.m. Det \u00e4r fritt att st\u00e4lla fr\u00e5gor och komma med kommentarer i meddelandef\u00e4ltet efter aktuellt inl\u00e4gg.<\/p>\n<p>To help readers to take part of my website in other languages I have installed <strong>Google translate<\/strong>, Just open the list at the top of the page and select your&nbsp;language and you are there.<\/p>\n<h3>Enjoy!<\/h3>\n","protected":false},"excerpt":{"rendered":"<p>V\u00e4lkommen Fr\u00e5n b\u00f6rjan var denna Blogg t\u00e4nkt att ber\u00e4tta om mitt liv som emigrant till en \u00f6 i V\u00e4stindien Efter att ha tillbringat en testperiod d\u00e4r p\u00e5 4 m\u00e5nader s\u00e5 kunde jag konstatera att allt har blivit s\u00e5 mycket dyrare &hellip; <a href=\"http:\/\/hahnes.se\/emigranten\/\">Continued<\/a><\/p>\n","protected":false},"author":1,"featured_media":942,"parent":0,"menu_order":0,"comment_status":"closed","ping_status":"closed","template":"page-feature-sidebar.php","meta":{"kt_blocks_editor_width":"","footnotes":""},"class_list":["post-136","page","type-page","status-publish","has-post-thumbnail","hentry"],"_links":{"self":[{"href":"http:\/\/hahnes.se\/emigranten\/index.php?rest_route=\/wp\/v2\/pages\/136","targetHints":{"allow":["GET"]}}],"collection":[{"href":"http:\/\/hahnes.se\/emigranten\/index.php?rest_route=\/wp\/v2\/pages"}],"about":[{"href":"http:\/\/hahnes.se\/emigranten\/index.php?rest_route=\/wp\/v2\/types\/page"}],"author":[{"embeddable":true,"href":"http:\/\/hahnes.se\/emigranten\/index.php?rest_route=\/wp\/v2\/users\/1"}],"replies":[{"embeddable":true,"href":"http:\/\/hahnes.se\/emigranten\/index.php?rest_route=%2Fwp%2Fv2%2Fcomments&post=136"}],"version-history":[{"count":32,"href":"http:\/\/hahnes.se\/emigranten\/index.php?rest_route=\/wp\/v2\/pages\/136\/revisions"}],"predecessor-version":[{"id":2772,"href":"http:\/\/hahnes.se\/emigranten\/index.php?rest_route=\/wp\/v2\/pages\/136\/revisions\/2772"}],"wp:featuredmedia":[{"embeddable":true,"href":"http:\/\/hahnes.se\/emigranten\/index.php?rest_route=\/wp\/v2\/media\/942"}],"wp:attachment":[{"href":"http:\/\/hahnes.se\/emigranten\/index.php?rest_route=%2Fwp%2Fv2%2Fmedia&parent=136"}],"curies":[{"name":"wp","href":"https:\/\/api.w.org\/{rel}","templated":true}]}}